{"id":99,"date":"2025-12-30T20:24:48","date_gmt":"2025-12-30T20:24:48","guid":{"rendered":"https:\/\/my-joolz.cz\/?page_id=99"},"modified":"2026-02-02T18:09:51","modified_gmt":"2026-02-02T18:09:51","slug":"les-joolz","status":"publish","type":"page","link":"https:\/\/my-joolz.cz\/?page_id=99","title":{"rendered":"Les Joolz"},"content":{"rendered":"\n<p>Jeden ko\u010d\u00e1rek, jeden strom<br><\/p>\n\n\n\n<p>Ka\u017ed\u00fd Joolz na ulici je strom v jednom z na\u0161ich rodn\u00fdch les\u016f v Asii, Africe, Evrop\u011b a\/nebo Ji\u017en\u00ed Americe. Kdy\u017e si koup\u00edte ko\u010d\u00e1rek nebo ko\u010d\u00e1rek, v\u00e1\u0161 strom, spolu se stovkami tis\u00edc dal\u0161\u00edch, ud\u011bl\u00e1 sv\u011bt o n\u011bco zelen\u011bj\u0161\u00edm.\u00a0<br><\/p>\n","protected":false},"excerpt":{"rendered":"<p>Jeden ko\u010d\u00e1rek, jeden strom Ka\u017ed\u00fd Joolz na ulici je strom v jednom z na\u0161ich rodn\u00fdch les\u016f v Asii, Africe, Evrop\u011b a\/nebo Ji\u017en\u00ed Americe. Kdy\u017e si koup\u00edte ko\u010d\u00e1rek nebo ko\u010d\u00e1rek, v\u00e1\u0161 strom, spolu se stovkami tis\u00edc dal\u0161\u00edch, ud\u011bl\u00e1 sv\u011bt o n\u011bco zelen\u011bj\u0161\u00edm.\u00a0<\/p>\n","protected":false},"author":1,"featured_media":0,"parent":58,"menu_order":0,"comment_status":"closed","ping_status":"closed","template":"page-les.php","meta":{"_acf_changed":false,"footnotes":""},"class_list":["post-99","page","type-page","status-publish","hentry"],"acf":[],"_links":{"self":[{"href":"https:\/\/my-joolz.cz\/index.php?rest_route=\/wp\/v2\/pages\/99","targetHints":{"allow":["GET"]}}],"collection":[{"href":"https:\/\/my-joolz.cz\/index.php?rest_route=\/wp\/v2\/pages"}],"about":[{"href":"https:\/\/my-joolz.cz\/index.php?rest_route=\/wp\/v2\/types\/page"}],"author":[{"embeddable":true,"href":"https:\/\/my-joolz.cz\/index.php?rest_route=\/wp\/v2\/users\/1"}],"replies":[{"embeddable":true,"href":"https:\/\/my-joolz.cz\/index.php?rest_route=%2Fwp%2Fv2%2Fcomments&post=99"}],"version-history":[{"count":5,"href":"https:\/\/my-joolz.cz\/index.php?rest_route=\/wp\/v2\/pages\/99\/revisions"}],"predecessor-version":[{"id":2352,"href":"https:\/\/my-joolz.cz\/index.php?rest_route=\/wp\/v2\/pages\/99\/revisions\/2352"}],"up":[{"embeddable":true,"href":"https:\/\/my-joolz.cz\/index.php?rest_route=\/wp\/v2\/pages\/58"}],"wp:attachment":[{"href":"https:\/\/my-joolz.cz\/index.php?rest_route=%2Fwp%2Fv2%2Fmedia&parent=99"}],"curies":[{"name":"wp","href":"https:\/\/api.w.org\/{rel}","templated":true}]}}