{"id":98,"date":"2025-12-30T20:24:10","date_gmt":"2025-12-30T20:24:10","guid":{"rendered":"https:\/\/my-joolz.cz\/?page_id=98"},"modified":"2026-02-02T18:10:18","modified_gmt":"2026-02-02T18:10:18","slug":"pribeh-joolz","status":"publish","type":"page","link":"https:\/\/my-joolz.cz\/?page_id=98","title":{"rendered":"P\u0159\u00edb\u011bh Joolz"},"content":{"rendered":"","protected":false},"excerpt":{"rendered":"","protected":false},"author":1,"featured_media":0,"parent":58,"menu_order":0,"comment_status":"closed","ping_status":"closed","template":"page-joolz-about.php","meta":{"_acf_changed":false,"footnotes":""},"class_list":["post-98","page","type-page","status-publish","hentry"],"acf":[],"_links":{"self":[{"href":"https:\/\/my-joolz.cz\/index.php?rest_route=\/wp\/v2\/pages\/98","targetHints":{"allow":["GET"]}}],"collection":[{"href":"https:\/\/my-joolz.cz\/index.php?rest_route=\/wp\/v2\/pages"}],"about":[{"href":"https:\/\/my-joolz.cz\/index.php?rest_route=\/wp\/v2\/types\/page"}],"author":[{"embeddable":true,"href":"https:\/\/my-joolz.cz\/index.php?rest_route=\/wp\/v2\/users\/1"}],"replies":[{"embeddable":true,"href":"https:\/\/my-joolz.cz\/index.php?rest_route=%2Fwp%2Fv2%2Fcomments&post=98"}],"version-history":[{"count":1,"href":"https:\/\/my-joolz.cz\/index.php?rest_route=\/wp\/v2\/pages\/98\/revisions"}],"predecessor-version":[{"id":100,"href":"https:\/\/my-joolz.cz\/index.php?rest_route=\/wp\/v2\/pages\/98\/revisions\/100"}],"up":[{"embeddable":true,"href":"https:\/\/my-joolz.cz\/index.php?rest_route=\/wp\/v2\/pages\/58"}],"wp:attachment":[{"href":"https:\/\/my-joolz.cz\/index.php?rest_route=%2Fwp%2Fv2%2Fmedia&parent=98"}],"curies":[{"name":"wp","href":"https:\/\/api.w.org\/{rel}","templated":true}]}}