{"id":92,"date":"2025-12-30T20:25:49","date_gmt":"2025-12-30T20:25:49","guid":{"rendered":"https:\/\/my-joolz.cz\/?page_id=92"},"modified":"2025-12-30T20:25:49","modified_gmt":"2025-12-30T20:25:49","slug":"prislusenstvi","status":"publish","type":"page","link":"https:\/\/my-joolz.cz\/?page_id=92","title":{"rendered":"P\u0159\u00edslu\u0161enstv\u00ed ke ko\u010d\u00e1rku Joolz"},"content":{"rendered":"\n<p>To je skv\u011bl\u00e9, \u017ee se v\u00e1m rozrostla rodina! V Joolz bychom v\u00e1m r\u00e1di poblahop\u0159\u00e1li k t\u00e9to skv\u011bl\u00e9 zpr\u00e1v\u011b. Pokud jde o pohodl\u00ed a bezpe\u010dnost va\u0161eho d\u00edt\u011bte, na\u0161e p\u0159\u00edslu\u0161enstv\u00ed\u00a0<br><a href=\"https:\/\/www.joolz.com\/nl\/nl\/onze-kinderwagens\">ke ko\u010d\u00e1rk\u016fm<\/a>\u00a0a ko\u010d\u00e1rk\u016fm je p\u0159esn\u011b to, co pot\u0159ebujete, abyste spole\u010dn\u011b prozkoum\u00e1vali sv\u011bt! Objevte zde ve\u0161ker\u00e9 p\u0159\u00edslu\u0161enstv\u00ed Joolz.<br><\/p>\n","protected":false},"excerpt":{"rendered":"<p>To je skv\u011bl\u00e9, \u017ee se v\u00e1m rozrostla rodina! V Joolz bychom v\u00e1m r\u00e1di poblahop\u0159\u00e1li k t\u00e9to skv\u011bl\u00e9 zpr\u00e1v\u011b. Pokud jde o pohodl\u00ed a bezpe\u010dnost va\u0161eho d\u00edt\u011bte, na\u0161e p\u0159\u00edslu\u0161enstv\u00ed\u00a0ke ko\u010d\u00e1rk\u016fm\u00a0a ko\u010d\u00e1rk\u016fm je p\u0159esn\u011b to, co pot\u0159ebujete, abyste spole\u010dn\u011b prozkoum\u00e1vali sv\u011bt! Objevte zde ve\u0161ker\u00e9 p\u0159\u00edslu\u0161enstv\u00ed Joolz.<\/p>\n","protected":false},"author":1,"featured_media":0,"parent":0,"menu_order":0,"comment_status":"closed","ping_status":"closed","template":"","meta":{"_acf_changed":false,"footnotes":""},"class_list":["post-92","page","type-page","status-publish","hentry"],"acf":[],"_links":{"self":[{"href":"https:\/\/my-joolz.cz\/index.php?rest_route=\/wp\/v2\/pages\/92","targetHints":{"allow":["GET"]}}],"collection":[{"href":"https:\/\/my-joolz.cz\/index.php?rest_route=\/wp\/v2\/pages"}],"about":[{"href":"https:\/\/my-joolz.cz\/index.php?rest_route=\/wp\/v2\/types\/page"}],"author":[{"embeddable":true,"href":"https:\/\/my-joolz.cz\/index.php?rest_route=\/wp\/v2\/users\/1"}],"replies":[{"embeddable":true,"href":"https:\/\/my-joolz.cz\/index.php?rest_route=%2Fwp%2Fv2%2Fcomments&post=92"}],"version-history":[{"count":1,"href":"https:\/\/my-joolz.cz\/index.php?rest_route=\/wp\/v2\/pages\/92\/revisions"}],"predecessor-version":[{"id":102,"href":"https:\/\/my-joolz.cz\/index.php?rest_route=\/wp\/v2\/pages\/92\/revisions\/102"}],"wp:attachment":[{"href":"https:\/\/my-joolz.cz\/index.php?rest_route=%2Fwp%2Fv2%2Fmedia&parent=92"}],"curies":[{"name":"wp","href":"https:\/\/api.w.org\/{rel}","templated":true}]}}