{"id":2565,"date":"2026-02-12T18:49:54","date_gmt":"2026-02-12T18:49:54","guid":{"rendered":"https:\/\/my-joolz.cz\/?page_id=2565"},"modified":"2026-02-16T16:45:15","modified_gmt":"2026-02-16T16:45:15","slug":"kocarky","status":"publish","type":"page","link":"https:\/\/my-joolz.cz\/?page_id=2565","title":{"rendered":"Ko\u010d\u00e1rky"},"content":{"rendered":"<p>\r\n<\/p><p><\/p><p>Ch\u00e1peme to: Nakupov\u00e1n\u00ed perfektn\u00edho ko\u010d\u00e1rku m\u016f\u017ee se st\u00e1t p\u0159\u00edb\u011bhem o proch\u00e1zen\u00ed se bludi\u0161t\u011bm. Chcete n\u011bco pohodln\u00e9ho,\u200b\u200b bezpe\u010dn\u00e9ho a odoln\u00e9ho \u2013 ko\u010d\u00e1rek, kter\u00fd spl\u0148uje v\u0161echny va\u0161e pot\u0159eby. Nebojte se, jsme tu pro v\u00e1s! Proto jsme navrhli dva univerz\u00e1ln\u00ed ko\u010d\u00e1rky: Joolz Day<sup>5<\/sup> a Joolz Geo<sup>3<\/sup>, kter\u00e9 napln\u00ed pot\u0159eby pro rodinn\u00e9 aktivity na m\u00edru podle toho, kde \u017eijete. Ka\u017ed\u00fd ko\u010d\u00e1rek je navr\u017een tak, aby spl\u0148oval jin\u00e9 pot\u0159eby, a\u0165 u\u017e se pohybujete po m\u011bst\u011b nebo objevujete p\u0159\u00edrodu.&nbsp;<\/p><p>N\u00ed\u017ee se dozv\u00edte, co d\u011bl\u00e1 z t\u011bchto \u0161pi\u010dkov\u00fdch ko\u010d\u00e1rk\u016f ty naprosto univerz\u00e1ln\u00ed. Nem\u00e9n\u011b skv\u011bl\u00fdm ko\u010d\u00e1rkem je tak\u00e9 stabiln\u00ed a pevn\u00fd Joolz Hub<sup>2<\/sup> dokonale padnouc\u00ed proch\u00e1zk\u00e1m m\u011bstem, \u00fazk\u00fdm pr\u016fchod\u016fm i v\u00fdtahu. Ve va\u0161em mal\u00e9m m\u011bstsk\u00e9m byt\u011b nezabere mnoho m\u00edsta a vy ocen\u00edte nejenom jeho lehkost, ale tak\u00e9 praktickou skladnost. A velk\u00fdm mil\u00e1\u010dkem se stal cestovateli ocen\u011bn\u00fd Joolz Aer<sup>2<\/sup>, kter\u00fd m\u016f\u017ee spolu s v\u00e1mi tak\u00e9 na palubu letadla a nejenom. Objevujte kvalitu a preciznost ko\u010d\u00e1rk\u016f Joolz &#8211; ka\u017ed\u00fd z model\u016f v\u00e1m bude spolehliv\u00fdm spole\u010dn\u00edkem.&nbsp;<\/p><p><\/p>\r\n<p><\/p>","protected":false},"excerpt":{"rendered":"<p>Ch\u00e1peme to: Nakupov\u00e1n\u00ed perfektn\u00edho ko\u010d\u00e1rku m\u016f\u017ee se st\u00e1t p\u0159\u00edb\u011bhem o proch\u00e1zen\u00ed se bludi\u0161t\u011bm. Chcete n\u011bco pohodln\u00e9ho,\u200b\u200b bezpe\u010dn\u00e9ho a odoln\u00e9ho \u2013 ko\u010d\u00e1rek, kter\u00fd spl\u0148uje v\u0161echny va\u0161e pot\u0159eby. Nebojte se, jsme tu pro v\u00e1s! Proto jsme navrhli dva univerz\u00e1ln\u00ed ko\u010d\u00e1rky: Joolz Day<sup>5<\/sup> a Joolz Geo<sup>3<\/sup>, kter\u00e9 napln\u00ed pot\u0159eby pro rodinn\u00e9 aktivity na m\u00edru podle toho, kde \u017eijete. [&hellip;]<\/p>\n","protected":false},"author":1,"featured_media":0,"parent":0,"menu_order":0,"comment_status":"closed","ping_status":"closed","template":"page-kocarky.php","meta":{"_acf_changed":false,"footnotes":""},"class_list":["post-2565","page","type-page","status-publish","hentry"],"acf":[],"_links":{"self":[{"href":"https:\/\/my-joolz.cz\/index.php?rest_route=\/wp\/v2\/pages\/2565","targetHints":{"allow":["GET"]}}],"collection":[{"href":"https:\/\/my-joolz.cz\/index.php?rest_route=\/wp\/v2\/pages"}],"about":[{"href":"https:\/\/my-joolz.cz\/index.php?rest_route=\/wp\/v2\/types\/page"}],"author":[{"embeddable":true,"href":"https:\/\/my-joolz.cz\/index.php?rest_route=\/wp\/v2\/users\/1"}],"replies":[{"embeddable":true,"href":"https:\/\/my-joolz.cz\/index.php?rest_route=%2Fwp%2Fv2%2Fcomments&post=2565"}],"version-history":[{"count":5,"href":"https:\/\/my-joolz.cz\/index.php?rest_route=\/wp\/v2\/pages\/2565\/revisions"}],"predecessor-version":[{"id":2813,"href":"https:\/\/my-joolz.cz\/index.php?rest_route=\/wp\/v2\/pages\/2565\/revisions\/2813"}],"wp:attachment":[{"href":"https:\/\/my-joolz.cz\/index.php?rest_route=%2Fwp%2Fv2%2Fmedia&parent=2565"}],"curies":[{"name":"wp","href":"https:\/\/api.w.org\/{rel}","templated":true}]}}